{"id":30,"date":"2020-11-30T20:42:28","date_gmt":"2020-11-30T19:42:28","guid":{"rendered":"https:\/\/leone-energies.fr\/?page_id=30"},"modified":"2022-05-13T20:39:47","modified_gmt":"2022-05-13T18:39:47","slug":"contact","status":"publish","type":"page","link":"https:\/\/www.leone-energies.fr\/?page_id=30","title":{"rendered":"Contact"},"content":{"rendered":"\n<h2 class=\"wp-block-heading\">Pour nous joindre voici nos coordonn\u00e9es pour contact :<\/h2>\n\n\n\n<div class=\"alignnormal\"><div id=\"metaslider-id-156\" style=\"width: 100%;\" class=\"ml-slider-3-108-0 metaslider metaslider-flex metaslider-156 ml-slider has-dots-nav ms-theme-default\" role=\"region\" aria-label=\"prout\" data-height=\"300\" data-width=\"700\">\n    <div id=\"metaslider_container_156\">\n        <div id=\"metaslider_156\">\n            <ul class='slides'>\n                <li style=\"display: block; width: 100%;\" class=\"slide-164 ms-image \" aria-roledescription=\"slide\" data-date=\"2020-12-12 19:10:31\" data-filename=\"jack-b-sXXLJ4gdKYo-unsplash-scaled-700x300.jpg\" data-slide-type=\"image\"><img src=\"https:\/\/www.leone-energies.fr\/wp-content\/uploads\/2020\/12\/jack-b-sXXLJ4gdKYo-unsplash-scaled-700x300.jpg\" height=\"300\" width=\"700\" alt=\"accompagnement psycho-\u00e9motionnel , soins du corps et de l&#039;esprit, \u00e9tablissez un contact avec nous\" class=\"slider-156 slide-164 msDefaultImage\" title=\"Leone-energies.fr les soins en douceur\" \/><div class=\"caption-wrap\"><div class=\"caption\">Leone-energies.fr orientez votre vie dans le calme et la douceur<\/div><\/div><\/li>\n                <li style=\"display: none; width: 100%;\" class=\"slide-165 ms-image \" aria-roledescription=\"slide\" data-date=\"2020-12-12 19:10:32\" data-filename=\"jaime-serrano-ziDTXxEO_Vo-unsplash-scaled-700x300.jpg\" data-slide-type=\"image\"><img src=\"https:\/\/www.leone-energies.fr\/wp-content\/uploads\/2020\/12\/jaime-serrano-ziDTXxEO_Vo-unsplash-scaled-700x300.jpg\" height=\"300\" width=\"700\" alt=\"accompagnement psycho-\u00e9motionnel , soins du corps et de l&#039;esprit, \u00e9tablissez un contact avec nous\" class=\"slider-156 slide-165 msDefaultImage\" title=\"Leone-energies.fr les soins en douceur\" \/><div class=\"caption-wrap\"><div class=\"caption\">Leone-energies.fr orientez votre vie dans le calme et la douceur<\/div><\/div><\/li>\n                <li style=\"display: none; width: 100%;\" class=\"slide-166 ms-image \" aria-roledescription=\"slide\" data-date=\"2020-12-12 19:10:32\" data-filename=\"pexels-pixabay-268134-700x300.jpg\" data-slide-type=\"image\"><img src=\"https:\/\/www.leone-energies.fr\/wp-content\/uploads\/2020\/12\/pexels-pixabay-268134-700x300.jpg\" height=\"300\" width=\"700\" alt=\"Relaxation ,soin \u00e9nerg\u00e9tique reiki bien \u00eatre\" class=\"slider-156 slide-166 msDefaultImage\" title=\"soin energ\u00e9tique relaxation bien \u00eatre\" \/><div class=\"caption-wrap\"><div class=\"caption\">Leone-energies.fr orientez votre vie dans le calme et la douceur<\/div><\/div><\/li>\n                <li style=\"display: none; width: 100%;\" class=\"slide-167 ms-image \" aria-roledescription=\"slide\" data-date=\"2020-12-12 19:10:32\" data-filename=\"sebastien-gabriel-IMlv9Jlb24-unsplash-scaled-e1611043442579-700x300.jpg\" data-slide-type=\"image\"><img src=\"https:\/\/www.leone-energies.fr\/wp-content\/uploads\/2020\/12\/sebastien-gabriel-IMlv9Jlb24-unsplash-scaled-e1611043442579-700x300.jpg\" height=\"300\" width=\"700\" alt=\"accompagnement psycho-\u00e9motionnel , soins du corps et de l&#039;esprit, \u00e9tablissez un contact avec nous\" class=\"slider-156 slide-167 msDefaultImage\" title=\"Leone-energies.fr les soins en douceur\" \/><div class=\"caption-wrap\"><div class=\"caption\">Leone-energies.fr orientez votre vie dans le calme et la douceur<\/div><\/div><\/li>\n                <li style=\"display: none; width: 100%;\" class=\"slide-168 ms-image \" aria-roledescription=\"slide\" data-date=\"2020-12-12 19:10:32\" data-filename=\"shashank-sahay-fxvoZgxGJfo-unsplash-scaled-700x300.jpg\" data-slide-type=\"image\"><img src=\"https:\/\/www.leone-energies.fr\/wp-content\/uploads\/2020\/12\/shashank-sahay-fxvoZgxGJfo-unsplash-scaled-700x300.jpg\" height=\"300\" width=\"700\" alt=\"accompagnement psycho-\u00e9motionnel , soins du corps et de l&#039;esprit, \u00e9tablissez un contact avec nous\" class=\"slider-156 slide-168 msDefaultImage\" title=\"Leone-energies.fr les soins en douceur\" \/><div class=\"caption-wrap\"><div class=\"caption\">Leone-energies.fr orientez votre vie dans le calme et la douceur<\/div><\/div><\/li>\n                <li style=\"display: none; width: 100%;\" class=\"slide-169 ms-image \" aria-roledescription=\"slide\" data-date=\"2020-12-12 19:10:32\" data-filename=\"yousef-espanioly-DA_tplYgTow-unsplash-scaled-700x300.jpg\" data-slide-type=\"image\"><img src=\"https:\/\/www.leone-energies.fr\/wp-content\/uploads\/2020\/12\/yousef-espanioly-DA_tplYgTow-unsplash-scaled-700x300.jpg\" height=\"300\" width=\"700\" alt=\"accompagnement psycho-\u00e9motionnel , soins du corps et de l&#039;esprit, \u00e9tablissez un contact avec nous\" class=\"slider-156 slide-169 msDefaultImage\" title=\"Leone-energies.fr les soins en douceur\" \/><div class=\"caption-wrap\"><div class=\"caption\">Leone-energies.fr orientez votre vie dans le calme et la douceur<\/div><\/div><\/li>\n            <\/ul>\n        <\/div>\n        \n    <\/div>\n<\/div><\/div>\n\n\n\n<p><strong>Caroline et Patrick LEONE<\/strong><\/p>\n\n\n\n<h2 class=\"wp-block-heading\">Contact t\u00e9l\u00e9phonique<\/h2>\n\n\n\n<figure class=\"wp-block-table\"><table><tbody><tr><td><strong>T\u00e9l\u00e9phone<\/strong><\/td><td><strong><span class=\"has-inline-color has-luminous-vivid-orange-color\">07 . 86 . 84 . 16 . 66<\/span><\/strong><\/td><\/tr><\/tbody><\/table><\/figure>\n\n\n\n<h2 class=\"wp-block-heading\">Contact par mail <\/h2>\n\n\n\n<figure class=\"wp-block-table\"><table><tbody><tr><td><strong>Email<\/strong><\/td><td><strong><span class=\"has-inline-color has-luminous-vivid-orange-color\">leone.energies@gmail.com<\/span><\/strong><\/td><\/tr><\/tbody><\/table><\/figure>\n\n\n\n<h2 class=\"wp-block-heading\">Rejoignez-nous sur notre tout nouveau compte Instagram<\/h2>\n\n\n\n<p>suivez notre lien <strong><a href=\"https:\/\/www.instagram.com\/leone_energies\/\" target=\"_blank\" rel=\"noreferrer noopener\"><span class=\"has-inline-color has-luminous-vivid-orange-color\">Instagram<\/span><\/a><\/strong><\/p>\n\n\n\n<ul class=\"wp-block-social-links is-style-pill-shape is-layout-flex wp-block-social-links-is-layout-flex\"><li class=\"wp-social-link wp-social-link-instagram  wp-block-social-link\"><a rel=\" noopener nofollow\" target=\"_blank\" href=\"https:\/\/www.instagram.com\/leone_energies\/\" class=\"wp-block-social-link-anchor\"><svg width=\"24\" height=\"24\" viewBox=\"0 0 24 24\" version=\"1.1\" xmlns=\"http:\/\/www.w3.org\/2000\/svg\" aria-hidden=\"true\" focusable=\"false\"><path d=\"M12,4.622c2.403,0,2.688,0.009,3.637,0.052c0.877,0.04,1.354,0.187,1.671,0.31c0.42,0.163,0.72,0.358,1.035,0.673 c0.315,0.315,0.51,0.615,0.673,1.035c0.123,0.317,0.27,0.794,0.31,1.671c0.043,0.949,0.052,1.234,0.052,3.637 s-0.009,2.688-0.052,3.637c-0.04,0.877-0.187,1.354-0.31,1.671c-0.163,0.42-0.358,0.72-0.673,1.035 c-0.315,0.315-0.615,0.51-1.035,0.673c-0.317,0.123-0.794,0.27-1.671,0.31c-0.949,0.043-1.233,0.052-3.637,0.052 s-2.688-0.009-3.637-0.052c-0.877-0.04-1.354-0.187-1.671-0.31c-0.42-0.163-0.72-0.358-1.035-0.673 c-0.315-0.315-0.51-0.615-0.673-1.035c-0.123-0.317-0.27-0.794-0.31-1.671C4.631,14.688,4.622,14.403,4.622,12 s0.009-2.688,0.052-3.637c0.04-0.877,0.187-1.354,0.31-1.671c0.163-0.42,0.358-0.72,0.673-1.035 c0.315-0.315,0.615-0.51,1.035-0.673c0.317-0.123,0.794-0.27,1.671-0.31C9.312,4.631,9.597,4.622,12,4.622 M12,3 C9.556,3,9.249,3.01,8.289,3.054C7.331,3.098,6.677,3.25,6.105,3.472C5.513,3.702,5.011,4.01,4.511,4.511 c-0.5,0.5-0.808,1.002-1.038,1.594C3.25,6.677,3.098,7.331,3.054,8.289C3.01,9.249,3,9.556,3,12c0,2.444,0.01,2.751,0.054,3.711 c0.044,0.958,0.196,1.612,0.418,2.185c0.23,0.592,0.538,1.094,1.038,1.594c0.5,0.5,1.002,0.808,1.594,1.038 c0.572,0.222,1.227,0.375,2.185,0.418C9.249,20.99,9.556,21,12,21s2.751-0.01,3.711-0.054c0.958-0.044,1.612-0.196,2.185-0.418 c0.592-0.23,1.094-0.538,1.594-1.038c0.5-0.5,0.808-1.002,1.038-1.594c0.222-0.572,0.375-1.227,0.418-2.185 C20.99,14.751,21,14.444,21,12s-0.01-2.751-0.054-3.711c-0.044-0.958-0.196-1.612-0.418-2.185c-0.23-0.592-0.538-1.094-1.038-1.594 c-0.5-0.5-1.002-0.808-1.594-1.038c-0.572-0.222-1.227-0.375-2.185-0.418C14.751,3.01,14.444,3,12,3L12,3z M12,7.378 c-2.552,0-4.622,2.069-4.622,4.622S9.448,16.622,12,16.622s4.622-2.069,4.622-4.622S14.552,7.378,12,7.378z M12,15 c-1.657,0-3-1.343-3-3s1.343-3,3-3s3,1.343,3,3S13.657,15,12,15z M16.804,6.116c-0.596,0-1.08,0.484-1.08,1.08 s0.484,1.08,1.08,1.08c0.596,0,1.08-0.484,1.08-1.08S17.401,6.116,16.804,6.116z\"><\/path><\/svg><span class=\"wp-block-social-link-label screen-reader-text\">Instagram<\/span><\/a><\/li><\/ul>\n\n\n\n<h2 class=\"wp-block-heading\">Vous pouvez aussi consulter notre page Facebook pour rester en contact<\/h2>\n\n\n\n<p>suivez notre lien <strong><a href=\"https:\/\/www.facebook.com\/leoneenergies\" target=\"_blank\" rel=\"noreferrer noopener\"><span class=\"has-inline-color has-luminous-vivid-orange-color\">Facebook<\/span><\/a><\/strong>      <\/p>\n\n\n\n<ul class=\"wp-block-social-links alignleft has-large-icon-size is-style-logos-only is-layout-flex wp-block-social-links-is-layout-flex\"><li class=\"wp-social-link wp-social-link-facebook  wp-block-social-link\"><a rel=\" noopener nofollow\" target=\"_blank\" href=\"https:\/\/www.facebook.com\/leoneenergies\" class=\"wp-block-social-link-anchor\"><svg width=\"24\" height=\"24\" viewBox=\"0 0 24 24\" version=\"1.1\" xmlns=\"http:\/\/www.w3.org\/2000\/svg\" aria-hidden=\"true\" focusable=\"false\"><path d=\"M12 2C6.5 2 2 6.5 2 12c0 5 3.7 9.1 8.4 9.9v-7H7.9V12h2.5V9.8c0-2.5 1.5-3.9 3.8-3.9 1.1 0 2.2.2 2.2.2v2.5h-1.3c-1.2 0-1.6.8-1.6 1.6V12h2.8l-.4 2.9h-2.3v7C18.3 21.1 22 17 22 12c0-5.5-4.5-10-10-10z\"><\/path><\/svg><span class=\"wp-block-social-link-label screen-reader-text\">Facebook<\/span><\/a><\/li>\n\n<\/ul>\n\n\n\n<p><\/p>\n\n\n\n<div class=\"wp-block-image\"><figure class=\"aligncenter size-large\"><img decoding=\"async\" loading=\"lazy\" width=\"254\" height=\"198\" src=\"https:\/\/leone-energies.fr\/wp-content\/uploads\/2020\/12\/juste-pour-rire.jpg\" alt=\"\" class=\"wp-image-70\"\/><\/figure><\/div>\n\n\n\n<h2 class=\"wp-block-heading\">N&rsquo;h\u00e9sitez pas nous envoyer un sms, nous vous r\u00e9pondrons dans les plus brefs d\u00e9lais.<\/h2>\n\n\n\n<div class=\"wp-block-contact-form-7-contact-form-selector\">\n<div class=\"wpcf7 no-js\" id=\"wpcf7-f404-o1\" lang=\"fr-FR\" dir=\"ltr\">\n<div class=\"screen-reader-response\"><p role=\"status\" aria-live=\"polite\" aria-atomic=\"true\"><\/p> <ul><\/ul><\/div>\n<form action=\"\/index.php?rest_route=%2Fwp%2Fv2%2Fpages%2F30#wpcf7-f404-o1\" method=\"post\" class=\"wpcf7-form init\" aria-label=\"Formulaire de contact\" novalidate=\"novalidate\" data-status=\"init\">\n<div style=\"display: none;\">\n<input type=\"hidden\" name=\"_wpcf7\" value=\"404\" \/>\n<input type=\"hidden\" name=\"_wpcf7_version\" value=\"5.9.8\" \/>\n<input type=\"hidden\" name=\"_wpcf7_locale\" value=\"fr_FR\" \/>\n<input type=\"hidden\" name=\"_wpcf7_unit_tag\" value=\"wpcf7-f404-o1\" \/>\n<input type=\"hidden\" name=\"_wpcf7_container_post\" value=\"0\" \/>\n<input type=\"hidden\" name=\"_wpcf7_posted_data_hash\" value=\"\" \/>\n<\/div>\n<p><label> Votre nom<br \/>\n<span class=\"wpcf7-form-control-wrap\" data-name=\"your-name\"><input size=\"40\" maxlength=\"400\" class=\"wpcf7-form-control wpcf7-text wpcf7-validates-as-required\" aria-required=\"true\" aria-invalid=\"false\" value=\"\" type=\"text\" name=\"your-name\" \/><\/span> <\/label>\n<\/p>\n<p><label> Votre e-mail<br \/>\n<span class=\"wpcf7-form-control-wrap\" data-name=\"your-email\"><input size=\"40\" maxlength=\"400\" class=\"wpcf7-form-control wpcf7-email wpcf7-validates-as-required wpcf7-text wpcf7-validates-as-email\" aria-required=\"true\" aria-invalid=\"false\" value=\"\" type=\"email\" name=\"your-email\" \/><\/span> <\/label>\n<\/p>\n<p><label> Objet<br \/>\n<span class=\"wpcf7-form-control-wrap\" data-name=\"your-subject\"><input size=\"40\" maxlength=\"400\" class=\"wpcf7-form-control wpcf7-text wpcf7-validates-as-required\" aria-required=\"true\" aria-invalid=\"false\" value=\"\" type=\"text\" name=\"your-subject\" \/><\/span> <\/label>\n<\/p>\n<p><label> Votre message (facultatif)<br \/>\n<span class=\"wpcf7-form-control-wrap\" data-name=\"your-message\"><textarea cols=\"40\" rows=\"10\" maxlength=\"2000\" class=\"wpcf7-form-control wpcf7-textarea\" aria-invalid=\"false\" name=\"your-message\"><\/textarea><\/span> <\/label>\n<\/p>\n<p><input class=\"wpcf7-form-control wpcf7-submit has-spinner\" type=\"submit\" value=\"Envoyer\" \/>\n<\/p><div class=\"wpcf7-response-output\" aria-hidden=\"true\"><\/div>\n<\/form>\n<\/div>\n<\/div>\n\n\n\n<p>A bient\u00f4t<\/p>\n\n\n\n<p>LEONE Caroline et Patrick  &#8212;   LEONE-ENERGIES<\/p>\n\n\n\n<figure class=\"wp-block-image size-large\"><img decoding=\"async\" loading=\"lazy\" width=\"1024\" height=\"641\" src=\"https:\/\/www.leone-energies.fr\/wp-content\/uploads\/2020\/12\/Logo-ok_2-edited-1024x641.png\" alt=\"Reiki Leone-energies.fr\" class=\"wp-image-351\" srcset=\"https:\/\/www.leone-energies.fr\/wp-content\/uploads\/2020\/12\/Logo-ok_2-edited-1024x641.png 1024w, https:\/\/www.leone-energies.fr\/wp-content\/uploads\/2020\/12\/Logo-ok_2-edited-300x188.png 300w, https:\/\/www.leone-energies.fr\/wp-content\/uploads\/2020\/12\/Logo-ok_2-edited-768x481.png 768w, https:\/\/www.leone-energies.fr\/wp-content\/uploads\/2020\/12\/Logo-ok_2-edited-1536x962.png 1536w, https:\/\/www.leone-energies.fr\/wp-content\/uploads\/2020\/12\/Logo-ok_2-edited-2048x1282.png 2048w\" sizes=\"(max-width: 767px) 89vw, (max-width: 1000px) 54vw, (max-width: 1071px) 543px, 580px\" \/><figcaption>Leone-Energies Caroline et Patrick LEONE\n\nSoins et r\u00e9\u00e9quilibrages \u00e9nerg\u00e9tiques Reiki <\/figcaption><\/figure>\n","protected":false},"excerpt":{"rendered":"<p>Pour nous joindre voici nos coordonn\u00e9es pour contact : Caroline et Patrick LEONE Contact t\u00e9l\u00e9phonique T\u00e9l\u00e9phone 07 . 86 . 84 . 16 . 66 Contact par mail Email leone.energies@gmail.com Rejoignez-nous sur notre tout nouveau compte Instagram suivez notre lien Instagram Vous pouvez aussi consulter notre page Facebook pour rester en contact suivez notre lien &hellip; <\/p>\n<p class=\"link-more\"><a href=\"https:\/\/www.leone-energies.fr\/?page_id=30\" class=\"more-link\">Continuer la lecture<span class=\"screen-reader-text\"> de &laquo;&nbsp;Contact&nbsp;&raquo;<\/span><\/a><\/p>\n","protected":false},"author":1,"featured_media":0,"parent":0,"menu_order":0,"comment_status":"closed","ping_status":"closed","template":"","meta":{"footnotes":""},"yoast_head":"<!-- This site is optimized with the Yoast SEO plugin v22.6 - https:\/\/yoast.com\/wordpress\/plugins\/seo\/ -->\n<title>Contact - Reiki et detente bien-etre<\/title>\n<meta name=\"description\" content=\"Entrez en contact avec nous pour vous expliquer les bienfaits des soins et du r\u00e9\u00e9quilibrage \u00e9nerg\u00e9tique Reiki\" \/>\n<meta name=\"robots\" content=\"index, follow, max-snippet:-1, max-image-preview:large, max-video-preview:-1\" \/>\n<link rel=\"canonical\" href=\"https:\/\/www.leone-energies.fr\/?page_id=30\" \/>\n<meta property=\"og:locale\" content=\"fr_FR\" \/>\n<meta property=\"og:type\" content=\"article\" \/>\n<meta property=\"og:title\" content=\"Contact - Reiki et detente bien-etre\" \/>\n<meta property=\"og:description\" content=\"Entrez en contact avec nous pour vous expliquer les bienfaits des soins et du r\u00e9\u00e9quilibrage \u00e9nerg\u00e9tique Reiki\" \/>\n<meta property=\"og:url\" content=\"https:\/\/www.leone-energies.fr\/?page_id=30\" \/>\n<meta property=\"og:site_name\" content=\"Reiki et detente bien-etre\" \/>\n<meta property=\"article:modified_time\" content=\"2022-05-13T18:39:47+00:00\" \/>\n<meta property=\"og:image\" content=\"https:\/\/leone-energies.fr\/wp-content\/uploads\/2020\/12\/juste-pour-rire.jpg\" \/>\n<meta name=\"twitter:card\" content=\"summary_large_image\" \/>\n<meta name=\"twitter:label1\" content=\"Dur\u00e9e de lecture estim\u00e9e\" \/>\n\t<meta name=\"twitter:data1\" content=\"1 minute\" \/>\n<script type=\"application\/ld+json\" class=\"yoast-schema-graph\">{\"@context\":\"https:\/\/schema.org\",\"@graph\":[{\"@type\":[\"WebPage\",\"ContactPage\"],\"@id\":\"https:\/\/www.leone-energies.fr\/?page_id=30\",\"url\":\"https:\/\/www.leone-energies.fr\/?page_id=30\",\"name\":\"Contact - Reiki et detente bien-etre\",\"isPartOf\":{\"@id\":\"https:\/\/www.leone-energies.fr\/#website\"},\"primaryImageOfPage\":{\"@id\":\"https:\/\/www.leone-energies.fr\/?page_id=30#primaryimage\"},\"image\":{\"@id\":\"https:\/\/www.leone-energies.fr\/?page_id=30#primaryimage\"},\"thumbnailUrl\":\"https:\/\/leone-energies.fr\/wp-content\/uploads\/2020\/12\/juste-pour-rire.jpg\",\"datePublished\":\"2020-11-30T19:42:28+00:00\",\"dateModified\":\"2022-05-13T18:39:47+00:00\",\"description\":\"Entrez en contact avec nous pour vous expliquer les bienfaits des soins et du r\u00e9\u00e9quilibrage \u00e9nerg\u00e9tique Reiki\",\"breadcrumb\":{\"@id\":\"https:\/\/www.leone-energies.fr\/?page_id=30#breadcrumb\"},\"inLanguage\":\"fr-FR\",\"potentialAction\":[{\"@type\":\"ReadAction\",\"target\":[\"https:\/\/www.leone-energies.fr\/?page_id=30\"]}]},{\"@type\":\"ImageObject\",\"inLanguage\":\"fr-FR\",\"@id\":\"https:\/\/www.leone-energies.fr\/?page_id=30#primaryimage\",\"url\":\"https:\/\/leone-energies.fr\/wp-content\/uploads\/2020\/12\/juste-pour-rire.jpg\",\"contentUrl\":\"https:\/\/leone-energies.fr\/wp-content\/uploads\/2020\/12\/juste-pour-rire.jpg\"},{\"@type\":\"BreadcrumbList\",\"@id\":\"https:\/\/www.leone-energies.fr\/?page_id=30#breadcrumb\",\"itemListElement\":[{\"@type\":\"ListItem\",\"position\":1,\"name\":\"Accueil\",\"item\":\"https:\/\/www.leone-energies.fr\/\"},{\"@type\":\"ListItem\",\"position\":2,\"name\":\"Contact\"}]},{\"@type\":\"WebSite\",\"@id\":\"https:\/\/www.leone-energies.fr\/#website\",\"url\":\"https:\/\/www.leone-energies.fr\/\",\"name\":\"Reiki et detente bien-etre\",\"description\":\"LEONE-ENERGIES  Lib\u00e9ration Energ\u00e9tique Ouverture Nouvel Etre\",\"publisher\":{\"@id\":\"https:\/\/www.leone-energies.fr\/#organization\"},\"potentialAction\":[{\"@type\":\"SearchAction\",\"target\":{\"@type\":\"EntryPoint\",\"urlTemplate\":\"https:\/\/www.leone-energies.fr\/?s={search_term_string}\"},\"query-input\":\"required name=search_term_string\"}],\"inLanguage\":\"fr-FR\"},{\"@type\":\"Organization\",\"@id\":\"https:\/\/www.leone-energies.fr\/#organization\",\"name\":\"Leone Energies\",\"url\":\"https:\/\/www.leone-energies.fr\/\",\"logo\":{\"@type\":\"ImageObject\",\"inLanguage\":\"fr-FR\",\"@id\":\"https:\/\/www.leone-energies.fr\/#\/schema\/logo\/image\/\",\"url\":\"https:\/\/www.leone-energies.fr\/wp-content\/uploads\/2020\/12\/cropped-Logo-ok_2-edited.png\",\"contentUrl\":\"https:\/\/www.leone-energies.fr\/wp-content\/uploads\/2020\/12\/cropped-Logo-ok_2-edited.png\",\"width\":250,\"height\":250,\"caption\":\"Leone Energies\"},\"image\":{\"@id\":\"https:\/\/www.leone-energies.fr\/#\/schema\/logo\/image\/\"}}]}<\/script>\n<!-- \/ Yoast SEO plugin. -->","yoast_head_json":{"title":"Contact - Reiki et detente bien-etre","description":"Entrez en contact avec nous pour vous expliquer les bienfaits des soins et du r\u00e9\u00e9quilibrage \u00e9nerg\u00e9tique Reiki","robots":{"index":"index","follow":"follow","max-snippet":"max-snippet:-1","max-image-preview":"max-image-preview:large","max-video-preview":"max-video-preview:-1"},"canonical":"https:\/\/www.leone-energies.fr\/?page_id=30","og_locale":"fr_FR","og_type":"article","og_title":"Contact - Reiki et detente bien-etre","og_description":"Entrez en contact avec nous pour vous expliquer les bienfaits des soins et du r\u00e9\u00e9quilibrage \u00e9nerg\u00e9tique Reiki","og_url":"https:\/\/www.leone-energies.fr\/?page_id=30","og_site_name":"Reiki et detente bien-etre","article_modified_time":"2022-05-13T18:39:47+00:00","og_image":[{"url":"https:\/\/leone-energies.fr\/wp-content\/uploads\/2020\/12\/juste-pour-rire.jpg"}],"twitter_card":"summary_large_image","twitter_misc":{"Dur\u00e9e de lecture estim\u00e9e":"1 minute"},"schema":{"@context":"https:\/\/schema.org","@graph":[{"@type":["WebPage","ContactPage"],"@id":"https:\/\/www.leone-energies.fr\/?page_id=30","url":"https:\/\/www.leone-energies.fr\/?page_id=30","name":"Contact - Reiki et detente bien-etre","isPartOf":{"@id":"https:\/\/www.leone-energies.fr\/#website"},"primaryImageOfPage":{"@id":"https:\/\/www.leone-energies.fr\/?page_id=30#primaryimage"},"image":{"@id":"https:\/\/www.leone-energies.fr\/?page_id=30#primaryimage"},"thumbnailUrl":"https:\/\/leone-energies.fr\/wp-content\/uploads\/2020\/12\/juste-pour-rire.jpg","datePublished":"2020-11-30T19:42:28+00:00","dateModified":"2022-05-13T18:39:47+00:00","description":"Entrez en contact avec nous pour vous expliquer les bienfaits des soins et du r\u00e9\u00e9quilibrage \u00e9nerg\u00e9tique Reiki","breadcrumb":{"@id":"https:\/\/www.leone-energies.fr\/?page_id=30#breadcrumb"},"inLanguage":"fr-FR","potentialAction":[{"@type":"ReadAction","target":["https:\/\/www.leone-energies.fr\/?page_id=30"]}]},{"@type":"ImageObject","inLanguage":"fr-FR","@id":"https:\/\/www.leone-energies.fr\/?page_id=30#primaryimage","url":"https:\/\/leone-energies.fr\/wp-content\/uploads\/2020\/12\/juste-pour-rire.jpg","contentUrl":"https:\/\/leone-energies.fr\/wp-content\/uploads\/2020\/12\/juste-pour-rire.jpg"},{"@type":"BreadcrumbList","@id":"https:\/\/www.leone-energies.fr\/?page_id=30#breadcrumb","itemListElement":[{"@type":"ListItem","position":1,"name":"Accueil","item":"https:\/\/www.leone-energies.fr\/"},{"@type":"ListItem","position":2,"name":"Contact"}]},{"@type":"WebSite","@id":"https:\/\/www.leone-energies.fr\/#website","url":"https:\/\/www.leone-energies.fr\/","name":"Reiki et detente bien-etre","description":"LEONE-ENERGIES  Lib\u00e9ration Energ\u00e9tique Ouverture Nouvel Etre","publisher":{"@id":"https:\/\/www.leone-energies.fr\/#organization"},"potentialAction":[{"@type":"SearchAction","target":{"@type":"EntryPoint","urlTemplate":"https:\/\/www.leone-energies.fr\/?s={search_term_string}"},"query-input":"required name=search_term_string"}],"inLanguage":"fr-FR"},{"@type":"Organization","@id":"https:\/\/www.leone-energies.fr\/#organization","name":"Leone Energies","url":"https:\/\/www.leone-energies.fr\/","logo":{"@type":"ImageObject","inLanguage":"fr-FR","@id":"https:\/\/www.leone-energies.fr\/#\/schema\/logo\/image\/","url":"https:\/\/www.leone-energies.fr\/wp-content\/uploads\/2020\/12\/cropped-Logo-ok_2-edited.png","contentUrl":"https:\/\/www.leone-energies.fr\/wp-content\/uploads\/2020\/12\/cropped-Logo-ok_2-edited.png","width":250,"height":250,"caption":"Leone Energies"},"image":{"@id":"https:\/\/www.leone-energies.fr\/#\/schema\/logo\/image\/"}}]}},"_links":{"self":[{"href":"https:\/\/www.leone-energies.fr\/index.php?rest_route=\/wp\/v2\/pages\/30"}],"collection":[{"href":"https:\/\/www.leone-energies.fr\/index.php?rest_route=\/wp\/v2\/pages"}],"about":[{"href":"https:\/\/www.leone-energies.fr\/index.php?rest_route=\/wp\/v2\/types\/page"}],"author":[{"embeddable":true,"href":"https:\/\/www.leone-energies.fr\/index.php?rest_route=\/wp\/v2\/users\/1"}],"replies":[{"embeddable":true,"href":"https:\/\/www.leone-energies.fr\/index.php?rest_route=%2Fwp%2Fv2%2Fcomments&post=30"}],"version-history":[{"count":49,"href":"https:\/\/www.leone-energies.fr\/index.php?rest_route=\/wp\/v2\/pages\/30\/revisions"}],"predecessor-version":[{"id":469,"href":"https:\/\/www.leone-energies.fr\/index.php?rest_route=\/wp\/v2\/pages\/30\/revisions\/469"}],"wp:attachment":[{"href":"https:\/\/www.leone-energies.fr\/index.php?rest_route=%2Fwp%2Fv2%2Fmedia&parent=30"}],"curies":[{"name":"wp","href":"https:\/\/api.w.org\/{rel}","templated":true}]}}